{"id":1190,"date":"2021-05-01T20:53:05","date_gmt":"2021-05-01T18:53:05","guid":{"rendered":"https:\/\/carla-stp-art.com\/condiciones-generales-2\/"},"modified":"2022-01-17T22:01:02","modified_gmt":"2022-01-17T21:01:02","slug":"condicoes-gerais-de-compra","status":"publish","type":"page","link":"https:\/\/carla-stp-art.com\/pt-pt\/condicoes-gerais-de-compra\/","title":{"rendered":"Condi\u00e7\u00f5es gerais de compra"},"content":{"rendered":"<h2>DISPOSICIONES PRELIMINARES<\/h2>\n<p>Las presentes Condiciones Generales de Compra regulan el uso del sitio, a partir de ahora (sitio web), <a href=\"http:\/\/www.carla-stp-art.com\">www.carla-stp-art.com<\/a> propiedad de CESFAM INSTALACIONES S.L., con domicilio en C\/ Equitaci\u00f3n n\u00ba3 140 P. Mijas Costa. M\u00e1laga. CP:29649<\/p>\n<p>La utilizaci\u00f3n por parte del cliente de los servicios online de compra art\u00edculos en el sitio web presupone, en todo caso, la adhesi\u00f3n a las presentes Condiciones Generales de Compra, en el momento mismo de la orden de compra. Por ello es conveniente que el cliente lea estas Condiciones Generales antes de proceder a realizar una compra.<\/p>\n<p>Al realizar un pedido, usted nos garantiza que es mayor de 18 a\u00f1os y que tiene capacidad legal para cursar contratos vinculantes.<\/p>\n<p>El sitio web puede actualizar las presentes condiciones de compra, as\u00ed como el Aviso Legal-Pol\u00edtica de Privacidad en cualquier momento. Usted siempre podr\u00e1 consultar e imprimir la versi\u00f3n actualizada de ambos textos pulsando los v\u00ednculos \u201c<a href=\"https:\/\/carla-stp-art.com\/pt-pt\/condicoes-gerais-de-compra\/\">Condiciones generales de Compra<\/a>\u201d y \u201c<a href=\"https:\/\/carla-stp-art.com\/pt-pt\/aviso-legal\/\">Aviso legal<\/a>\/<a href=\"https:\/\/carla-stp-art.com\/pt-pt\/politica-de-privacidade\/\">Pol\u00edtica de Privacidad<\/a>\u201d<\/p>\n<h2>Obligaciones de Usuario<\/h2>\n<p>Es indispensable que facilite toda la informaci\u00f3n que catalogamos como obligatoria, en caso de no hacerlo, no se podr\u00e1 cursar su pedido. No nos hacemos responsables en ning\u00fan caso de posibles retrasos o fallos en la entrega como consecuencia del error y omisi\u00f3n de estos datos.<\/p>\n<p>Los datos facilitados los podremos usar para contactar con usted si es necesario, as\u00ed como para las finalidades indicadas en el aviso legal\/pol\u00edtica de privacidad de esta web, salvo revocaci\u00f3n expresa por su parte para alguna de las citadas finalidades.<\/p>\n<p>El usuario deber\u00e1 hacer un uso adecuado de los servicios, siempre de conformidad con el ordenamiento jur\u00eddico y no llevar\u00e1 a cabo actividad alguna que dificulte o interfiera en su funcionamiento.<\/p>\n<h2>Medidas de seguridad<\/h2>\n<p>Establecemos todos los mecanismos razonables y disponibles a nuestro alcance para garantizar que sus datos personales se conservan con seguridad, nos remitimos en todo caso al contenido indicado a este respecto en el Aviso Legal\/Pol\u00edtica de Privacidad de esta web. Sin embargo, usted acepta que ninguna transmisi\u00f3n de datos a trav\u00e9s de Internet puede garantizarse como totalmente segura frente a accesos por receptores no autorizados y no nos podr\u00e1 hacer responsables por cualquier fallo de seguridad, salvo que se deba a negligencia nuestra.<\/p>\n<h2>REALIZACI\u00d3N DEL PEDIDO, CONDICIONES DE PAGO Y ENV\u00cdO<\/h2>\n<p><strong>Realizaci\u00f3n de Pedido<\/strong><\/p>\n<p>El Pedido se realiza a trav\u00e9s de nuestro sitio web, para ello tienes que elegir un art\u00edculo, incorporarlo a nuestra cesta pulsando el icono del &#8220;carrito&#8221; y tramitar el pedido, para lo cual es necesario registrarse. Una vez el cliente ha aceptado su pedido, el sistema realiza un proceso de comprobaci\u00f3n a trav\u00e9s del cual verifica el pedido y notifica posibles errores. En este caso, el cliente tendr\u00e1 la oportunidad de realizar los cambios oportunos.<\/p>\n<p>LA TIENDA, notifica la aceptaci\u00f3n del pedido en el momento en que env\u00eda al cliente un correo electr\u00f3nico de confirmaci\u00f3n. Tambi\u00e9n se env\u00eda notificaci\u00f3n al cliente en el caso de no disponibilidad de productos, no aceptaci\u00f3n del pedido por parte del propio cliente.<\/p>\n<p>Cuando se den algunas de las siguientes circunstancias: el producto est\u00e9 agotado, no se obtenga autorizaci\u00f3n para el pago, se haya producido un error en la descripci\u00f3n o precio del producto o el cliente no cumpla con los requisitos establecidos en los t\u00e9rminos y condiciones, LA TIENDA comunicar\u00e1 al cliente que no puede aceptar el pedido.<\/p>\n<h2>Formas y condiciones de Pago<\/h2>\n<p>Los precios aplicables son los indicados en el sitio web en la fecha de realizaci\u00f3n del pedido. Los precios que aparecen detallados en cada producto, se muestran en euros (\u20ac) e incluyen los impuestos aplicables. El tipo de IVA aplicable ser\u00e1 el legalmente vigente en cada momento.<\/p>\n<p>Dichos precios, salvo que se indique expresamente lo contrario, no incluyen los gastos de env\u00edo, que ser\u00e1n indicados en el mismo procedimiento de compra (especificados m\u00e1s adelante, en env\u00edo de pedidos).<\/p>\n<h2>Las formas de pago admitidas son las que se indican a continuaci\u00f3n:<\/h2>\n<p><strong>Pago con\u00a0Tarjeta de Cr\u00e9dito<\/strong><\/p>\n<p>Se aceptan todas las tarjetas de las marcas Visa y MasterCard, en sus diferentes modalidades de d\u00e9bito y cr\u00e9dito.\u00a0Todas las operaciones de pago online con Tarjeta de Cr\u00e9dito se realizar\u00e1n a trav\u00e9s de la pasarela de pago segura REDSYS. Los datos que se solicitan se transferir\u00e1n de forma segura entre usted y la entidad bancaria.<\/p>\n<p>El pago se realiza en el momento de finalizar el pedido. El cargo se llevar\u00e1 a cabo en tiempo real a trav\u00e9s de la pasarela de pago. En caso de que el cargo no pueda llevarse a cabo finalmente (por cualquier causa), el pedido quedar\u00e1 anulado autom\u00e1ticamente.<\/p>\n<p>ATENCI\u00d3N: El fraude con tarjeta de cr\u00e9dito es un delito, y LA TIENDA, entablar\u00e1 las acciones judiciales pertinentes contra todo aquel que realice una transacci\u00f3n fraudulenta en nuestro sitio web.<\/p>\n<p><strong>Pago con\u00a0Pay Pal<\/strong><\/p>\n<p>El pago se realiza en el momento de finalizar el pedido. Es necesario disponer de una cuenta Pay Pal.<\/p>\n<p><strong>Pago con\u00a0Transferencia Bancaria<\/strong><\/p>\n<p>Se debe indicar el nombre de la persona o entidad que ha realizado el pedido y el n\u00famero de pedido asignado o de albar\u00e1n facilitado al cliente. La transferencia debe realizarse en un plazo m\u00e1ximo de 5 d\u00edas naturales desde la fecha de la realizaci\u00f3n del pedido en la siguiente cuenta:<\/p>\n<p>Titular: CESFAM INSTALACIONES S.L.<\/p>\n<p>Entidad: LA CAIXA<\/p>\n<p>N\u00ba IBAN ES55 2100 6282 1002 0008 8064<\/p>\n<h2>Pol\u00edtica de Env\u00edos<\/h2>\n<p>El pedido se enviar\u00e1 una vez verificado el pago por parte de la entidad bancaria o bien una vez recibido el comprobante de la transferencia por correo electr\u00f3nico. Si pasados cinco d\u00edas no se ha realizado el pago, el pedido se considerar\u00e1 anulado.<\/p>\n<p><strong>Env\u00edo de los Pedidos, Transporte y Entrega<\/strong><\/p>\n<p>Entregamos pedidos en toda Espa\u00f1a (Peninsular e Islas) y en cualquier otro pa\u00eds del mundo, a trav\u00e9s de nuestras empresas de transporte de confianza.<\/p>\n<p>El plazo de entrega en Espa\u00f1a Peninsular es el que se indica en cada producto.<\/p>\n<p>El plazo de entrega habitual es de 4 a 7 d\u00edas, desde que recibimos confirmaci\u00f3n bancaria del pago efectuado.<\/p>\n<p>Los env\u00edos a Espa\u00f1a Insular (Islas), suelen demorarse unos 10 d\u00edas aproximadamente y los pedidos internacionales tienen sus propios plazos de entrega, seg\u00fan el pa\u00eds de destino. La agencia de transportes nos facilitar\u00e1 un numero de seguimiento del env\u00edo con el cual le podemos informar del d\u00eda aproximado de entrega.<\/p>\n<p>Los env\u00edos se har\u00e1n al domicilio que nos indique el propio cliente al hacer sus compras.<\/p>\n<p>En el caso de que el d\u00eda de la entrega no haya una persona para la recepci\u00f3n del paquete en la direcci\u00f3n indicada, la agencia de transportes dejar\u00e1 un aviso en su buz\u00f3n o en su puerta, con un n\u00famero de tel\u00e9fono al que deber\u00e1 llamar para confirmar a qu\u00e9 hora pueden hacerle una segunda y \u00faltima entrega de la mercanc\u00eda.<\/p>\n<p>Si la segunda entrega tambi\u00e9n fuese fallida por no haber ninguna persona en el domicilio para recoger el paquete, la agencia de transporte lo guardar\u00e1 en sus almacenes aproximadamente 2 d\u00edas para que usted pueda ir personalmente a recogerlo antes de proceder a la devoluci\u00f3n a nuestras instalaciones.<\/p>\n<p>IMPORTANTE: cuando reciba el paquete, debe tener la precauci\u00f3n de revisar bien el embalaje para ver si la caja tiene alguna rotura o golpe exterior, en cuyo caso, lo tendr\u00eda que indicar por escrito en el formulario que se lleva el agente de transporte y tambi\u00e9n a nosotros en un plazo de 12 horas, para que podamos reclamar al seguro de transportes en su caso.<\/p>\n<h2>Pol\u00edtica de Devoluciones<\/h2>\n<p><strong>Cuando vaya a abrir la caja de embalaje, intente sacar la mercanc\u00eda cortando la caja con cuidado por un lateral, sin romperla. De este modo, podr\u00e1 reutilizarla en caso de devoluci\u00f3n.<\/strong><\/p>\n<p>Podr\u00e1 devolvernos la mercanc\u00eda\u00a0siempre que comunique su intenci\u00f3n en el plazo m\u00e1ximo de 14 d\u00edas despu\u00e9s de recibido el pedido y siempre que mantenga en optimo estado su embalaje.<\/p>\n<p>Cuando el motivo de la devoluci\u00f3n responda a alg\u00fan defecto del producto, de CESFAM INSTALACIONES S.L. con CIF: 93232494 asume los gastos de env\u00edo ocasionados por la devoluci\u00f3n.<\/p>\n<p>Usted podr\u00e1 solicitar la restauraci\u00f3n del defecto, la sustituci\u00f3n por otros art\u00edculos de nuestra galer\u00eda o la devoluci\u00f3n de su dinero.<\/p>\n<p>Si las razones de devoluci\u00f3n son ajenas a nuestra tienda, es decir, si la mercanc\u00eda se encuentra en perfectas condiciones, pero, a pesar de ello, quiere devolverla, <strong>deber\u00e1 enviarnos el producto en su embalaje original y en perfecto estado<\/strong>.\u00a0En este caso, los gastos ocasionados por el env\u00edo y la devoluci\u00f3n correr\u00e1n por cuenta del cliente y no ser\u00e1n sufragados por CESFAM INSTALACIONES S.L. con CIF:93232494.<\/p>\n","protected":false},"excerpt":{"rendered":"<p>DISPOSICIONES PRELIMINARES Las presentes Condiciones Generales de Compra regulan el uso del sitio, a partir de ahora (sitio web), www.carla-stp-art.com propiedad de CESFAM INSTALACIONES S.L., con domicilio en C\/ Equitaci\u00f3n n\u00ba3 140 P. Mijas Costa. M\u00e1laga. CP:29649 La utilizaci\u00f3n por parte del cliente de los servicios online de compra art\u00edculos en el sitio web presupone, [&hellip;]<\/p>\n","protected":false},"author":1,"featured_media":0,"parent":0,"menu_order":0,"comment_status":"closed","ping_status":"closed","template":"","meta":{"site-sidebar-layout":"default","site-content-layout":"default","ast-site-content-layout":"","site-content-style":"default","site-sidebar-style":"default","ast-global-header-display":"","ast-banner-title-visibility":"","ast-main-header-display":"","ast-hfb-above-header-display":"","ast-hfb-below-header-display":"","ast-hfb-mobile-header-display":"","site-post-title":"","ast-breadcrumbs-content":"","ast-featured-img":"","footer-sml-layout":"","theme-transparent-header-meta":"default","adv-header-id-meta":"","stick-header-meta":"default","header-above-stick-meta":"","header-main-stick-meta":"","header-below-stick-meta":"","astra-migrate-meta-layouts":"default","ast-page-background-enabled":"default","ast-page-background-meta":{"desktop":{"background-color":"","background-image":"","background-repeat":"repeat","background-position":"center center","background-size":"auto","background-attachment":"scroll","background-type":"","background-media":"","overlay-type":"","overlay-color":"","overlay-opacity":"","overlay-gradient":""},"tablet":{"background-color":"","background-image":"","background-repeat":"repeat","background-position":"center center","background-size":"auto","background-attachment":"scroll","background-type":"","background-media":"","overlay-type":"","overlay-color":"","overlay-opacity":"","overlay-gradient":""},"mobile":{"background-color":"","background-image":"","background-repeat":"repeat","background-position":"center center","background-size":"auto","background-attachment":"scroll","background-type":"","background-media":"","overlay-type":"","overlay-color":"","overlay-opacity":"","overlay-gradient":""}},"ast-content-background-meta":{"desktop":{"background-color":"var(--ast-global-color-5)","background-image":"","background-repeat":"repeat","background-position":"center center","background-size":"auto","background-attachment":"scroll","background-type":"","background-media":"","overlay-type":"","overlay-color":"","overlay-opacity":"","overlay-gradient":""},"tablet":{"background-color":"var(--ast-global-color-5)","background-image":"","background-repeat":"repeat","background-position":"center center","background-size":"auto","background-attachment":"scroll","background-type":"","background-media":"","overlay-type":"","overlay-color":"","overlay-opacity":"","overlay-gradient":""},"mobile":{"background-color":"var(--ast-global-color-5)","background-image":"","background-repeat":"repeat","background-position":"center center","background-size":"auto","background-attachment":"scroll","background-type":"","background-media":"","overlay-type":"","overlay-color":"","overlay-opacity":"","overlay-gradient":""}},"footnotes":""},"class_list":["post-1190","page","type-page","status-publish","hentry"],"rankMath":{"parentDomain":"carla-stp-art.com","noFollowDomains":[],"noFollowExcludeDomains":[],"noFollowExternalLinks":false,"featuredImageNotice":"The featured image should be at least 200 by 200 pixels to be picked up by Facebook and other social media sites.","pluginReviewed":false,"postSettings":{"linkSuggestions":true,"useFocusKeyword":false},"frontEndScore":false,"postName":"condicoes-gerais-de-compra","permalinkFormat":"https:\/\/carla-stp-art.com\/pt-pt\/%pagename%\/","showLockModifiedDate":true,"assessor":{"focusKeywordLink":"https:\/\/carla-stp-art.com\/wp-admin\/edit.php?focus_keyword=%focus_keyword%&post_type=%post_type%","hasTOCPlugin":true,"primaryTaxonomy":false,"serpData":{"title":"","description":"","focusKeywords":"","pillarContent":false,"canonicalUrl":"","breadcrumbTitle":"","advancedRobots":{"max-snippet":"-1","max-video-preview":"-1","max-image-preview":"large"},"facebookTitle":"","facebookDescription":"","facebookImage":"","facebookImageID":"","facebookHasOverlay":false,"facebookImageOverlay":"play","facebookAuthor":"","twitterCardType":"summary_large_image","twitterUseFacebook":true,"twitterTitle":"","twitterDescription":"","twitterImage":"","twitterImageID":"","twitterHasOverlay":false,"twitterImageOverlay":"play","twitterPlayerUrl":"","twitterPlayerSize":"","twitterPlayerStream":"","twitterPlayerStreamCtype":"","twitterAppDescription":"","twitterAppIphoneName":"","twitterAppIphoneID":"","twitterAppIphoneUrl":"","twitterAppIpadName":"","twitterAppIpadID":"","twitterAppIpadUrl":"","twitterAppGoogleplayName":"","twitterAppGoogleplayID":"","twitterAppGoogleplayUrl":"","twitterAppCountry":"","robots":{"noindex":true,"nofollow":true,"noarchive":true,"noimageindex":true,"nosnippet":true},"twitterAuthor":"username","primaryTerm":0,"authorName":"admin","titleTemplate":"%title% %sep% %sitename%","descriptionTemplate":"%excerpt%","showScoreFrontend":true,"lockModifiedDate":false},"powerWords":[],"diacritics":{"A":"[\\u0041\\u24B6\\uFF21\\u00C0\\u00C1\\u00C2\\u1EA6\\u1EA4\\u1EAA\\u1EA8\\u00C3\\u0100\\u0102\\u1EB0\\u1EAE\\u1EB4\\u1EB2\\u0226\\u01E0\\u00C4\\u01DE\\u1EA2\\u00C5\\u01FA\\u01CD\\u0200\\u0202\\u1EA0\\u1EAC\\u1EB6\\u1E00\\u0104\\u023A\\u2C6F]","AA":"[\\uA732]","AE":"[\\u00C6\\u01FC\\u01E2]","AO":"[\\uA734]","AU":"[\\uA736]","AV":"[\\uA738\\uA73A]","AY":"[\\uA73C]","B":"[\\u0042\\u24B7\\uFF22\\u1E02\\u1E04\\u1E06\\u0243\\u0182\\u0181]","C":"[\\u0043\\u24B8\\uFF23\\u0106\\u0108\\u010A\\u010C\\u00C7\\u1E08\\u0187\\u023B\\uA73E]","D":"[\\u0044\\u24B9\\uFF24\\u1E0A\\u010E\\u1E0C\\u1E10\\u1E12\\u1E0E\\u0110\\u018B\\u018A\\u0189\\uA779]","DZ":"[\\u01F1\\u01C4]","Dz":"[\\u01F2\\u01C5]","E":"[\\u0045\\u24BA\\uFF25\\u00C8\\u00C9\\u00CA\\u1EC0\\u1EBE\\u1EC4\\u1EC2\\u1EBC\\u0112\\u1E14\\u1E16\\u0114\\u0116\\u00CB\\u1EBA\\u011A\\u0204\\u0206\\u1EB8\\u1EC6\\u0228\\u1E1C\\u0118\\u1E18\\u1E1A\\u0190\\u018E]","F":"[\\u0046\\u24BB\\uFF26\\u1E1E\\u0191\\uA77B]","G":"[\\u0047\\u24BC\\uFF27\\u01F4\\u011C\\u1E20\\u011E\\u0120\\u01E6\\u0122\\u01E4\\u0193\\uA7A0\\uA77D\\uA77E]","H":"[\\u0048\\u24BD\\uFF28\\u0124\\u1E22\\u1E26\\u021E\\u1E24\\u1E28\\u1E2A\\u0126\\u2C67\\u2C75\\uA78D]","I":"[\\u0049\\u24BE\\uFF29\\u00CC\\u00CD\\u00CE\\u0128\\u012A\\u012C\\u0130\\u00CF\\u1E2E\\u1EC8\\u01CF\\u0208\\u020A\\u1ECA\\u012E\\u1E2C\\u0197]","J":"[\\u004A\\u24BF\\uFF2A\\u0134\\u0248]","K":"[\\u004B\\u24C0\\uFF2B\\u1E30\\u01E8\\u1E32\\u0136\\u1E34\\u0198\\u2C69\\uA740\\uA742\\uA744\\uA7A2]","L":"[\\u004C\\u24C1\\uFF2C\\u013F\\u0139\\u013D\\u1E36\\u1E38\\u013B\\u1E3C\\u1E3A\\u0141\\u023D\\u2C62\\u2C60\\uA748\\uA746\\uA780]","LJ":"[\\u01C7]","Lj":"[\\u01C8]","M":"[\\u004D\\u24C2\\uFF2D\\u1E3E\\u1E40\\u1E42\\u2C6E\\u019C]","N":"[\\u004E\\u24C3\\uFF2E\\u01F8\\u0143\\u00D1\\u1E44\\u0147\\u1E46\\u0145\\u1E4A\\u1E48\\u0220\\u019D\\uA790\\uA7A4]","NJ":"[\\u01CA]","Nj":"[\\u01CB]","O":"[\\u004F\\u24C4\\uFF2F\\u00D2\\u00D3\\u00D4\\u1ED2\\u1ED0\\u1ED6\\u1ED4\\u00D5\\u1E4C\\u022C\\u1E4E\\u014C\\u1E50\\u1E52\\u014E\\u022E\\u0230\\u00D6\\u022A\\u1ECE\\u0150\\u01D1\\u020C\\u020E\\u01A0\\u1EDC\\u1EDA\\u1EE0\\u1EDE\\u1EE2\\u1ECC\\u1ED8\\u01EA\\u01EC\\u00D8\\u01FE\\u0186\\u019F\\uA74A\\uA74C]","OI":"[\\u01A2]","OO":"[\\uA74E]","OU":"[\\u0222]","P":"[\\u0050\\u24C5\\uFF30\\u1E54\\u1E56\\u01A4\\u2C63\\uA750\\uA752\\uA754]","Q":"[\\u0051\\u24C6\\uFF31\\uA756\\uA758\\u024A]","R":"[\\u0052\\u24C7\\uFF32\\u0154\\u1E58\\u0158\\u0210\\u0212\\u1E5A\\u1E5C\\u0156\\u1E5E\\u024C\\u2C64\\uA75A\\uA7A6\\uA782]","S":"[\\u0053\\u24C8\\uFF33\\u1E9E\\u015A\\u1E64\\u015C\\u1E60\\u0160\\u1E66\\u1E62\\u1E68\\u0218\\u015E\\u2C7E\\uA7A8\\uA784]","T":"[\\u0054\\u24C9\\uFF34\\u1E6A\\u0164\\u1E6C\\u021A\\u0162\\u1E70\\u1E6E\\u0166\\u01AC\\u01AE\\u023E\\uA786]","TZ":"[\\uA728]","U":"[\\u0055\\u24CA\\uFF35\\u00D9\\u00DA\\u00DB\\u0168\\u1E78\\u016A\\u1E7A\\u016C\\u00DC\\u01DB\\u01D7\\u01D5\\u01D9\\u1EE6\\u016E\\u0170\\u01D3\\u0214\\u0216\\u01AF\\u1EEA\\u1EE8\\u1EEE\\u1EEC\\u1EF0\\u1EE4\\u1E72\\u0172\\u1E76\\u1E74\\u0244]","V":"[\\u0056\\u24CB\\uFF36\\u1E7C\\u1E7E\\u01B2\\uA75E\\u0245]","VY":"[\\uA760]","W":"[\\u0057\\u24CC\\uFF37\\u1E80\\u1E82\\u0174\\u1E86\\u1E84\\u1E88\\u2C72]","X":"[\\u0058\\u24CD\\uFF38\\u1E8A\\u1E8C]","Y":"[\\u0059\\u24CE\\uFF39\\u1EF2\\u00DD\\u0176\\u1EF8\\u0232\\u1E8E\\u0178\\u1EF6\\u1EF4\\u01B3\\u024E\\u1EFE]","Z":"[\\u005A\\u24CF\\uFF3A\\u0179\\u1E90\\u017B\\u017D\\u1E92\\u1E94\\u01B5\\u0224\\u2C7F\\u2C6B\\uA762]","a":"[\\u0061\\u24D0\\uFF41\\u1E9A\\u00E0\\u00E1\\u00E2\\u1EA7\\u1EA5\\u1EAB\\u1EA9\\u00E3\\u0101\\u0103\\u1EB1\\u1EAF\\u1EB5\\u1EB3\\u0227\\u01E1\\u00E4\\u01DF\\u1EA3\\u00E5\\u01FB\\u01CE\\u0201\\u0203\\u1EA1\\u1EAD\\u1EB7\\u1E01\\u0105\\u2C65\\u0250]","aa":"[\\uA733]","ae":"[\\u00E6\\u01FD\\u01E3]","ao":"[\\uA735]","au":"[\\uA737]","av":"[\\uA739\\uA73B]","ay":"[\\uA73D]","b":"[\\u0062\\u24D1\\uFF42\\u1E03\\u1E05\\u1E07\\u0180\\u0183\\u0253]","c":"[\\u0063\\u24D2\\uFF43\\u0107\\u0109\\u010B\\u010D\\u00E7\\u1E09\\u0188\\u023C\\uA73F\\u2184]","d":"[\\u0064\\u24D3\\uFF44\\u1E0B\\u010F\\u1E0D\\u1E11\\u1E13\\u1E0F\\u0111\\u018C\\u0256\\u0257\\uA77A]","dz":"[\\u01F3\\u01C6]","e":"[\\u0065\\u24D4\\uFF45\\u00E8\\u00E9\\u00EA\\u1EC1\\u1EBF\\u1EC5\\u1EC3\\u1EBD\\u0113\\u1E15\\u1E17\\u0115\\u0117\\u00EB\\u1EBB\\u011B\\u0205\\u0207\\u1EB9\\u1EC7\\u0229\\u1E1D\\u0119\\u1E19\\u1E1B\\u0247\\u025B\\u01DD]","f":"[\\u0066\\u24D5\\uFF46\\u1E1F\\u0192\\uA77C]","g":"[\\u0067\\u24D6\\uFF47\\u01F5\\u011D\\u1E21\\u011F\\u0121\\u01E7\\u0123\\u01E5\\u0260\\uA7A1\\u1D79\\uA77F]","h":"[\\u0068\\u24D7\\uFF48\\u0125\\u1E23\\u1E27\\u021F\\u1E25\\u1E29\\u1E2B\\u1E96\\u0127\\u2C68\\u2C76\\u0265]","hv":"[\\u0195]","i":"[\\u0069\\u24D8\\uFF49\\u00EC\\u00ED\\u00EE\\u0129\\u012B\\u012D\\u00EF\\u1E2F\\u1EC9\\u01D0\\u0209\\u020B\\u1ECB\\u012F\\u1E2D\\u0268\\u0131]","j":"[\\u006A\\u24D9\\uFF4A\\u0135\\u01F0\\u0249]","k":"[\\u006B\\u24DA\\uFF4B\\u1E31\\u01E9\\u1E33\\u0137\\u1E35\\u0199\\u2C6A\\uA741\\uA743\\uA745\\uA7A3]","l":"[\\u006C\\u24DB\\uFF4C\\u0140\\u013A\\u013E\\u1E37\\u1E39\\u013C\\u1E3D\\u1E3B\\u017F\\u0142\\u019A\\u026B\\u2C61\\uA749\\uA781\\uA747]","lj":"[\\u01C9]","m":"[\\u006D\\u24DC\\uFF4D\\u1E3F\\u1E41\\u1E43\\u0271\\u026F]","n":"[\\u006E\\u24DD\\uFF4E\\u01F9\\u0144\\u00F1\\u1E45\\u0148\\u1E47\\u0146\\u1E4B\\u1E49\\u019E\\u0272\\u0149\\uA791\\uA7A5]","nj":"[\\u01CC]","o":"[\\u006F\\u24DE\\uFF4F\\u00F2\\u00F3\\u00F4\\u1ED3\\u1ED1\\u1ED7\\u1ED5\\u00F5\\u1E4D\\u022D\\u1E4F\\u014D\\u1E51\\u1E53\\u014F\\u022F\\u0231\\u00F6\\u022B\\u1ECF\\u0151\\u01D2\\u020D\\u020F\\u01A1\\u1EDD\\u1EDB\\u1EE1\\u1EDF\\u1EE3\\u1ECD\\u1ED9\\u01EB\\u01ED\\u00F8\\u01FF\\u0254\\uA74B\\uA74D\\u0275]","oi":"[\\u01A3]","ou":"[\\u0223]","oo":"[\\uA74F]","p":"[\\u0070\\u24DF\\uFF50\\u1E55\\u1E57\\u01A5\\u1D7D\\uA751\\uA753\\uA755]","q":"[\\u0071\\u24E0\\uFF51\\u024B\\uA757\\uA759]","r":"[\\u0072\\u24E1\\uFF52\\u0155\\u1E59\\u0159\\u0211\\u0213\\u1E5B\\u1E5D\\u0157\\u1E5F\\u024D\\u027D\\uA75B\\uA7A7\\uA783]","s":"[\\u0073\\u24E2\\uFF53\\u015B\\u1E65\\u015D\\u1E61\\u0161\\u1E67\\u1E63\\u1E69\\u0219\\u015F\\u023F\\uA7A9\\uA785\\u1E9B]","ss":"[\\u00DF]","t":"[\\u0074\\u24E3\\uFF54\\u1E6B\\u1E97\\u0165\\u1E6D\\u021B\\u0163\\u1E71\\u1E6F\\u0167\\u01AD\\u0288\\u2C66\\uA787]","tz":"[\\uA729]","u":"[\\u0075\\u24E4\\uFF55\\u00F9\\u00FA\\u00FB\\u0169\\u1E79\\u016B\\u1E7B\\u016D\\u00FC\\u01DC\\u01D8\\u01D6\\u01DA\\u1EE7\\u016F\\u0171\\u01D4\\u0215\\u0217\\u01B0\\u1EEB\\u1EE9\\u1EEF\\u1EED\\u1EF1\\u1EE5\\u1E73\\u0173\\u1E77\\u1E75\\u0289]","v":"[\\u0076\\u24E5\\uFF56\\u1E7D\\u1E7F\\u028B\\uA75F\\u028C]","vy":"[\\uA761]","w":"[\\u0077\\u24E6\\uFF57\\u1E81\\u1E83\\u0175\\u1E87\\u1E85\\u1E98\\u1E89\\u2C73]","x":"[\\u0078\\u24E7\\uFF58\\u1E8B\\u1E8D]","y":"[\\u0079\\u24E8\\uFF59\\u1EF3\\u00FD\\u0177\\u1EF9\\u0233\\u1E8F\\u00FF\\u1EF7\\u1E99\\u1EF5\\u01B4\\u024F\\u1EFF]","z":"[\\u007A\\u24E9\\uFF5A\\u017A\\u1E91\\u017C\\u017E\\u1E93\\u1E95\\u01B6\\u0225\\u0240\\u2C6C\\uA763]"},"researchesTests":["contentHasTOC","contentHasShortParagraphs","contentHasAssets","keywordInTitle","keywordInMetaDescription","keywordInPermalink","keywordIn10Percent","keywordInContent","keywordInSubheadings","keywordInImageAlt","keywordDensity","keywordNotUsed","lengthContent","lengthPermalink","linksHasInternal","linksHasExternals","linksNotAllExternals","titleStartWithKeyword","titleSentiment","titleHasPowerWords","titleHasNumber","hasContentAI"],"hasRedirection":true,"hasBreadcrumb":true},"homeUrl":"https:\/\/carla-stp-art.com\/pt-pt\/","objectID":1190,"objectType":"post","locale":"pt","localeFull":"pt_PT","overlayImages":{"play":{"name":"Play icon","url":"https:\/\/carla-stp-art.com\/wp-content\/plugins\/seo-by-rank-math\/assets\/admin\/img\/icon-play.png","path":"\/home\/p262540\/carla-stp-art.com\/wp-content\/plugins\/seo-by-rank-math\/assets\/admin\/img\/icon-play.png","position":"middle_center"},"gif":{"name":"GIF icon","url":"https:\/\/carla-stp-art.com\/wp-content\/plugins\/seo-by-rank-math\/assets\/admin\/img\/icon-gif.png","path":"\/home\/p262540\/carla-stp-art.com\/wp-content\/plugins\/seo-by-rank-math\/assets\/admin\/img\/icon-gif.png","position":"middle_center"}},"defautOgImage":"https:\/\/carla-stp-art.com\/wp-content\/plugins\/seo-by-rank-math\/assets\/admin\/img\/social-placeholder.jpg","customPermalinks":true,"isUserRegistered":true,"autoSuggestKeywords":true,"connectSiteUrl":"https:\/\/rankmath.com\/auth?site=https%3A%2F%2Fcarla-stp-art.com%2Fpt-pt%2F&r=https%3A%2F%2Fcarla-stp-art.com%2Fpt-pt%2Fwp-json%2Fwp%2Fv2%2Fpages%2F1190%3Fnonce%3D9b24164cc0&pro=1","maxTags":100,"trendsIcon":"<svg viewBox=\"0 0 610 610\"><path d=\"M18.85,446,174.32,290.48l58.08,58.08L76.93,504a14.54,14.54,0,0,1-20.55,0L18.83,466.48a14.54,14.54,0,0,1,0-20.55Z\" style=\"fill:#4285f4\"\/><path d=\"M242.65,242.66,377.59,377.6l-47.75,47.75a14.54,14.54,0,0,1-20.55,0L174.37,290.43l47.75-47.75A14.52,14.52,0,0,1,242.65,242.66Z\" style=\"fill:#ea4335\"\/><polygon points=\"319.53 319.53 479.26 159.8 537.34 217.88 377.61 377.62 319.53 319.53\" style=\"fill:#fabb05\"\/><path d=\"M594.26,262.73V118.61h0a16.94,16.94,0,0,0-16.94-16.94H433.2a16.94,16.94,0,0,0-12,28.92L565.34,274.71h0a16.94,16.94,0,0,0,28.92-12Z\" style=\"fill:#34a853\"\/><rect width=\"610\" height=\"610\" style=\"fill:none\"\/><\/svg>","showScore":true,"siteFavIcon":"https:\/\/carla-stp-art.com\/wp-content\/uploads\/favicon.png","canUser":{"general":false,"advanced":false,"snippet":false,"social":false,"analysis":false,"analytics":false,"content_ai":false},"showKeywordIntent":true,"isPro":true,"is_front_page":false,"trendsUpgradeLink":"https:\/\/rankmath.com\/pricing\/?utm_source=Plugin&utm_medium=CE%20General%20Tab%20Trends&utm_campaign=WP","trendsUpgradeLabel":"Upgrade","trendsPreviewImage":"https:\/\/carla-stp-art.com\/wp-content\/plugins\/seo-by-rank-math\/assets\/admin\/img\/trends-preview.jpg","currentEditor":false,"homepageData":{"assessor":{"powerWords":[],"diacritics":true,"researchesTests":["contentHasTOC","contentHasShortParagraphs","contentHasAssets","keywordInTitle","keywordInMetaDescription","keywordInPermalink","keywordIn10Percent","keywordInContent","keywordInSubheadings","keywordInImageAlt","keywordDensity","keywordNotUsed","lengthContent","lengthPermalink","linksHasInternal","linksHasExternals","linksNotAllExternals","titleStartWithKeyword","titleSentiment","titleHasPowerWords","titleHasNumber","hasContentAI"],"hasBreadcrumb":true,"serpData":{"title":"%sitename% %page% %sep% %sitedesc%","description":"","titleTemplate":"%sitename% %page% %sep% %sitedesc%","descriptionTemplate":"","focusKeywords":"","breadcrumbTitle":"Home","robots":{"index":true},"advancedRobots":{"max-snippet":"-1","max-video-preview":"-1","max-image-preview":"large"},"facebookTitle":"","facebookDescription":"","facebookImage":"","facebookImageID":""}}},"tocTitle":"Table of Contents","tocExcludeHeadings":[],"listStyle":"ul"},"_links":{"self":[{"href":"https:\/\/carla-stp-art.com\/pt-pt\/wp-json\/wp\/v2\/pages\/1190","targetHints":{"allow":["GET"]}}],"collection":[{"href":"https:\/\/carla-stp-art.com\/pt-pt\/wp-json\/wp\/v2\/pages"}],"about":[{"href":"https:\/\/carla-stp-art.com\/pt-pt\/wp-json\/wp\/v2\/types\/page"}],"author":[{"embeddable":true,"href":"https:\/\/carla-stp-art.com\/pt-pt\/wp-json\/wp\/v2\/users\/1"}],"replies":[{"embeddable":true,"href":"https:\/\/carla-stp-art.com\/pt-pt\/wp-json\/wp\/v2\/comments?post=1190"}],"version-history":[{"count":0,"href":"https:\/\/carla-stp-art.com\/pt-pt\/wp-json\/wp\/v2\/pages\/1190\/revisions"}],"wp:attachment":[{"href":"https:\/\/carla-stp-art.com\/pt-pt\/wp-json\/wp\/v2\/media?parent=1190"}],"curies":[{"name":"wp","href":"https:\/\/api.w.org\/{rel}","templated":true}]}}