{"id":1209,"date":"2021-11-15T10:30:00","date_gmt":"2022-01-17T20:31:03","guid":{"rendered":"https:\/\/carla-stp-art.com\/producto\/casaco-de-jeans\/"},"modified":"2022-03-31T19:12:23","modified_gmt":"2022-03-31T17:12:23","slug":"casaco-de-jeans","status":"publish","type":"product","link":"https:\/\/carla-stp-art.com\/pt-pt\/producto\/casaco-de-jeans\/","title":{"rendered":"Casaco de Jeans"},"content":{"rendered":"<p><strong>CASACO DE JEANS<\/strong><br class=\"\">Todos sabemos que as jaquetas jeans s\u00e3o pe\u00e7as atemporais. E se voc\u00ea tem um que \u00e9 \u00fanico, voc\u00ea faz com que essa pe\u00e7a tenha uma hist\u00f3ria para contar, dando ao seu estilo pessoal uma ess\u00eancia original.<\/p>\n","protected":false},"excerpt":{"rendered":"<p>\u201cInspirado por um p\u00f4r do sol capturado nas nuvens\u201d<br class=\"\">Tamanho L\/XL<br class=\"\">(Recomenda\u00e7\u00f5es: lave a frio ou no m\u00e1ximo 20 graus e n\u00e3o passe a ferro diretamente no desenho)<\/p>\n","protected":false},"featured_media":1181,"template":"","meta":{"site-sidebar-layout":"default","site-content-layout":"default","ast-site-content-layout":"","site-content-style":"default","site-sidebar-style":"default","ast-global-header-display":"","ast-banner-title-visibility":"","ast-main-header-display":"","ast-hfb-above-header-display":"","ast-hfb-below-header-display":"","ast-hfb-mobile-header-display":"","site-post-title":"","ast-breadcrumbs-content":"","ast-featured-img":"","footer-sml-layout":"","theme-transparent-header-meta":"default","adv-header-id-meta":"","stick-header-meta":"default","header-above-stick-meta":"","header-main-stick-meta":"","header-below-stick-meta":"","astra-migrate-meta-layouts":"default","ast-page-background-enabled":"default","ast-page-background-meta":{"desktop":{"background-color":"","background-image":"","background-repeat":"repeat","background-position":"center center","background-size":"auto","background-attachment":"scroll","background-type":"","background-media":"","overlay-type":"","overlay-color":"","overlay-opacity":"","overlay-gradient":""},"tablet":{"background-color":"","background-image":"","background-repeat":"repeat","background-position":"center center","background-size":"auto","background-attachment":"scroll","background-type":"","background-media":"","overlay-type":"","overlay-color":"","overlay-opacity":"","overlay-gradient":""},"mobile":{"background-color":"","background-image":"","background-repeat":"repeat","background-position":"center center","background-size":"auto","background-attachment":"scroll","background-type":"","background-media":"","overlay-type":"","overlay-color":"","overlay-opacity":"","overlay-gradient":""}},"ast-content-background-meta":{"desktop":{"background-color":"var(--ast-global-color-5)","background-image":"","background-repeat":"repeat","background-position":"center center","background-size":"auto","background-attachment":"scroll","background-type":"","background-media":"","overlay-type":"","overlay-color":"","overlay-opacity":"","overlay-gradient":""},"tablet":{"background-color":"var(--ast-global-color-5)","background-image":"","background-repeat":"repeat","background-position":"center center","background-size":"auto","background-attachment":"scroll","background-type":"","background-media":"","overlay-type":"","overlay-color":"","overlay-opacity":"","overlay-gradient":""},"mobile":{"background-color":"var(--ast-global-color-5)","background-image":"","background-repeat":"repeat","background-position":"center center","background-size":"auto","background-attachment":"scroll","background-type":"","background-media":"","overlay-type":"","overlay-color":"","overlay-opacity":"","overlay-gradient":""}}},"product_brand":[],"product_cat":[43],"product_tag":[],"class_list":{"0":"post-1209","1":"product","2":"type-product","3":"status-publish","4":"has-post-thumbnail","6":"product_cat-textil-pt-pt","7":"product_shipping_class-textil-pt-pt","8":"desktop-align-left","9":"tablet-align-left","10":"mobile-align-left","11":"ast-product-gallery-layout-horizontal-slider","12":"ast-product-gallery-with-no-image","13":"ast-product-tabs-layout-horizontal","14":"ast-qv-on-image","16":"first","17":"instock","18":"taxable","19":"shipping-taxable","20":"purchasable","21":"product-type-simple"},"_links":{"self":[{"href":"https:\/\/carla-stp-art.com\/pt-pt\/wp-json\/wp\/v2\/product\/1209","targetHints":{"allow":["GET"]}}],"collection":[{"href":"https:\/\/carla-stp-art.com\/pt-pt\/wp-json\/wp\/v2\/product"}],"about":[{"href":"https:\/\/carla-stp-art.com\/pt-pt\/wp-json\/wp\/v2\/types\/product"}],"version-history":[{"count":0,"href":"https:\/\/carla-stp-art.com\/pt-pt\/wp-json\/wp\/v2\/product\/1209\/revisions"}],"wp:featuredmedia":[{"embeddable":true,"href":"https:\/\/carla-stp-art.com\/pt-pt\/wp-json\/wp\/v2\/media\/1181"}],"wp:attachment":[{"href":"https:\/\/carla-stp-art.com\/pt-pt\/wp-json\/wp\/v2\/media?parent=1209"}],"wp:term":[{"taxonomy":"product_brand","embeddable":true,"href":"https:\/\/carla-stp-art.com\/pt-pt\/wp-json\/wp\/v2\/product_brand?post=1209"},{"taxonomy":"product_cat","embeddable":true,"href":"https:\/\/carla-stp-art.com\/pt-pt\/wp-json\/wp\/v2\/product_cat?post=1209"},{"taxonomy":"product_tag","embeddable":true,"href":"https:\/\/carla-stp-art.com\/pt-pt\/wp-json\/wp\/v2\/product_tag?post=1209"}],"curies":[{"name":"wp","href":"https:\/\/api.w.org\/{rel}","templated":true}]}}